{"id":666,"date":"2023-04-05T21:22:44","date_gmt":"2023-04-06T03:22:44","guid":{"rendered":"https:\/\/tienda.sanaciondefamilias.com\/?post_type=product&#038;p=666"},"modified":"2026-04-29T11:51:25","modified_gmt":"2026-04-29T17:51:25","slug":"guia-breve-para-confesarse-bien","status":"publish","type":"product","link":"https:\/\/tienda.sanaciondefamilias.com\/?product=guia-breve-para-confesarse-bien","title":{"rendered":"Gu\u00eda breve para confesarse bien."},"content":{"rendered":"<p>DIOS NO SE CANSA DE PERDONARNOS.<\/p>\n<p>\u00c9l es el Padre amoros que perdona siempre y cuyo coraz\u00f3n est\u00e1 lleno de misericordia para todos nosotros.<\/p>\n","protected":false},"excerpt":{"rendered":"<p>DIOS NO SE CANSA DE PERDONARNOS. \u00c9l es el Padre amoros que perdona siempre y cuyo coraz\u00f3n est\u00e1 lleno de misericordia para todos nosotros.<\/p>\n","protected":false},"featured_media":665,"comment_status":"open","ping_status":"closed","template":"","meta":[],"product_brand":[],"product_cat":[17],"product_tag":[],"class_list":{"0":"post-666","1":"product","2":"type-product","3":"status-publish","4":"has-post-thumbnail","6":"product_cat-libros","7":"product_shipping_class-unico-todo-mexico","9":"first","10":"onbackorder","11":"shipping-taxable","12":"purchasable","13":"product-type-simple"},"jetpack-related-posts":[],"jetpack_sharing_enabled":true,"_links":{"self":[{"href":"https:\/\/tienda.sanaciondefamilias.com\/index.php?rest_route=\/wp\/v2\/product\/666","targetHints":{"allow":["GET"]}}],"collection":[{"href":"https:\/\/tienda.sanaciondefamilias.com\/index.php?rest_route=\/wp\/v2\/product"}],"about":[{"href":"https:\/\/tienda.sanaciondefamilias.com\/index.php?rest_route=\/wp\/v2\/types\/product"}],"replies":[{"embeddable":true,"href":"https:\/\/tienda.sanaciondefamilias.com\/index.php?rest_route=%2Fwp%2Fv2%2Fcomments&post=666"}],"wp:featuredmedia":[{"embeddable":true,"href":"https:\/\/tienda.sanaciondefamilias.com\/index.php?rest_route=\/wp\/v2\/media\/665"}],"wp:attachment":[{"href":"https:\/\/tienda.sanaciondefamilias.com\/index.php?rest_route=%2Fwp%2Fv2%2Fmedia&parent=666"}],"wp:term":[{"taxonomy":"product_brand","embeddable":true,"href":"https:\/\/tienda.sanaciondefamilias.com\/index.php?rest_route=%2Fwp%2Fv2%2Fproduct_brand&post=666"},{"taxonomy":"product_cat","embeddable":true,"href":"https:\/\/tienda.sanaciondefamilias.com\/index.php?rest_route=%2Fwp%2Fv2%2Fproduct_cat&post=666"},{"taxonomy":"product_tag","embeddable":true,"href":"https:\/\/tienda.sanaciondefamilias.com\/index.php?rest_route=%2Fwp%2Fv2%2Fproduct_tag&post=666"}],"curies":[{"name":"wp","href":"https:\/\/api.w.org\/{rel}","templated":true}]}}